{"id":14072,"date":"2026-01-29T13:25:44","date_gmt":"2026-01-29T13:25:44","guid":{"rendered":"https:\/\/navcite.hemsida.eu\/tuki\/"},"modified":"2026-02-27T09:22:50","modified_gmt":"2026-02-27T09:22:50","slug":"tuki","status":"publish","type":"page","link":"https:\/\/www.navcite.com\/fi\/tuki\/","title":{"rendered":"Tuki"},"content":{"rendered":"\n<section class=\"support-container\">\n<div class=\"gb-element-329b5168 grid--12 grid-gap align-items--center grid--l-1 gap-xs4--l\">\n<div class=\"gb-element-79a49854 smart-spacing col-start--2 col-end--6\">\n<h1 class=\"gb-text h--2\">Tuki<\/h1>\n\n\n\n<p class=\"is-style-large\">Voit ottaa yhteytt\u00e4 tukeemme usealla eri tavalla, mutta suosittelemme tukipyynn\u00f6n rekister\u00f6imist\u00e4 ja kysymyksesi kuvailemista. N\u00e4in saamme kaikki tiedot koottuna ja voimme vastata sinulle nopeammin.<\/p>\n\n\n\n<div class=\"gb-element-f1930011\">\n<a href=\"https:\/\/navcite-jira.atlassian.net\" class=\"btn-primary\" target=\"_blank\" rel=\"noopener noreferrer\">Rekister\u00f6i tukipyynt\u00f6 <svg class=\"external-icon\" width=\"16\" height=\"16\" viewBox=\"0 0 16 16\" fill=\"none\" xmlns=\"http:\/\/www.w3.org\/2000\/svg\">\n    <path d=\"M9.5 0H9V1H14.2938L6.14688 9.14688L5.79375 9.5L6.5 10.2063L6.85312 9.85312L15 1.70625V7H16V0H9.5ZM0.5 3H0V16H13V10H12V15H1V4H6V3H0.5Z\" fill=\"currentColor\"\/>\n<\/svg>\n<\/a>\n\n\n<\/div>\n\n\n\n<h2 class=\"wp-block-heading text--l\">Muut yhteydenottotavat tukeemme<\/h2>\n\n\n\n<div class=\"gb-text link-hover flex--col gap-xs9\"><p><a href=\"mailto:support@navcite.se\">support@navcite.se<\/a><\/p>\n<p><a href=\"tel:020699000\">020-69 90 00<\/a><\/p>\n<\/div>\n\n\n\n<p>Muissa kuin tukeen liittyviss\u00e4 kysymyksiss\u00e4, katso <a href=\"https:\/\/www.navcite.com\/fi\/ota-yhteytta\/\" data-type=\"page\" data-id=\"12265\">yhteystietosivumme<\/a>.<\/p>\n<\/div>\n\n\n\n<div class=\"smart-spacing col-start--7 col-end--12\">\n<figure class=\"wp-block-image size-large radius--m\"><img decoding=\"async\" width=\"1024\" height=\"768\" src=\"https:\/\/www.navcite.com\/wp-content\/uploads\/\/AIV01400-1024x768.jpg\" alt=\"\" class=\"wp-image-13216\" srcset=\"https:\/\/www.navcite.com\/wp-content\/uploads\/AIV01400-1024x768.jpg 1024w, https:\/\/www.navcite.com\/wp-content\/uploads\/AIV01400-300x225.jpg 300w, https:\/\/www.navcite.com\/wp-content\/uploads\/AIV01400-768x576.jpg 768w, https:\/\/www.navcite.com\/wp-content\/uploads\/AIV01400-1536x1152.jpg 1536w, https:\/\/www.navcite.com\/wp-content\/uploads\/AIV01400-2048x1536.jpg 2048w\" sizes=\"(max-width: 1024px) 100vw, 1024px\" \/><\/figure>\n<\/div>\n<\/div>\n<\/section>\n","protected":false},"excerpt":{"rendered":"<p>Tuki Voit ottaa yhteytt\u00e4 tukeemme usealla eri tavalla, mutta suosittelemme tukipyynn\u00f6n rekister\u00f6imist\u00e4 ja kysymyksesi kuvailemista. N\u00e4in saamme kaikki tiedot koottuna ja voimme vastata sinulle nopeammin. Muut yhteydenottotavat tukeemme support@navcite.se 020-69 90 00 Muissa kuin tukeen liittyviss\u00e4 kysymyksiss\u00e4, katso yhteystietosivumme.<\/p>\n","protected":false},"author":6,"featured_media":0,"parent":0,"menu_order":0,"comment_status":"closed","ping_status":"closed","template":"","meta":{"_acf_changed":false,"footnotes":""},"class_list":["post-14072","page","type-page","status-publish"],"acf":[],"_links":{"self":[{"href":"https:\/\/www.navcite.com\/fi\/wp-json\/wp\/v2\/pages\/14072","targetHints":{"allow":["GET"]}}],"collection":[{"href":"https:\/\/www.navcite.com\/fi\/wp-json\/wp\/v2\/pages"}],"about":[{"href":"https:\/\/www.navcite.com\/fi\/wp-json\/wp\/v2\/types\/page"}],"author":[{"embeddable":true,"href":"https:\/\/www.navcite.com\/fi\/wp-json\/wp\/v2\/users\/6"}],"replies":[{"embeddable":true,"href":"https:\/\/www.navcite.com\/fi\/wp-json\/wp\/v2\/comments?post=14072"}],"version-history":[{"count":3,"href":"https:\/\/www.navcite.com\/fi\/wp-json\/wp\/v2\/pages\/14072\/revisions"}],"predecessor-version":[{"id":14077,"href":"https:\/\/www.navcite.com\/fi\/wp-json\/wp\/v2\/pages\/14072\/revisions\/14077"}],"wp:attachment":[{"href":"https:\/\/www.navcite.com\/fi\/wp-json\/wp\/v2\/media?parent=14072"}],"curies":[{"name":"wp","href":"https:\/\/api.w.org\/{rel}","templated":true}]}}