{"id":14083,"date":"2026-01-09T12:43:16","date_gmt":"2026-01-09T12:43:16","guid":{"rendered":"https:\/\/navcite.hemsida.eu\/miksi-navcite\/"},"modified":"2026-02-27T17:09:32","modified_gmt":"2026-02-27T17:09:32","slug":"miksi-navcite","status":"publish","type":"page","link":"https:\/\/www.navcite.com\/fi\/miksi-navcite\/","title":{"rendered":"Miksi Navcite"},"content":{"rendered":"<section id=\"block_600608f31807cddecff7257617ce0e91\" class=\"samuraj-section\" >\n\t\t\t<div class=\"grid--12 grid--l-1 grid-gap row-gap-xs6\">\n\t\t\n\n<div class=\"samuraj-inner-section col-start--2 col-end--13\">\n\t\n\n<p class=\"is-style-highlight\">Ydinosaamisemme<\/p>\n\n\n<\/div>\n\n<div class=\"samuraj-inner-section col-start--2 col-end--8\">\n\t\n\n<h2 class=\"wp-block-heading is-style-h3\">Kokemus, joka ajaa menestyst\u00e4<\/h2>\n\n\n<\/div>\n\n<div class=\"samuraj-inner-section col-start--2 col-end--12 padding gap-xs6\">\n\t\n<div id=\"block-block_3c51b4ab4a5fbfa0b64ef73e286ddc71\" class=\"split-img grid--2 grid--l-1 flex--col-l  gap-s gap-xs4--l\">\n\t\n\t\t<img decoding=\"async\" class=\"fade-on-entry\" src=\"https:\/\/www.navcite.com\/wp-content\/uploads\/AIV01948.jpg\" alt=\"\" \/>\n\n\t<div class=\"split-img__content-wrapper smart-spacing\">\n\t\t\t\t\n\n<p>Autamme kasvavia pohjoismaisia yrityksi\u00e4, joilla on kansainv\u00e4list\u00e4 toimintaa, luomaan rakennetta, tehokkuutta ja skaalautuvuutta liiketoimintaprosesseihinsa. Syv\u00e4llisen toimialatuntemuksen avulla valituilla toimialoillamme tarjoamme liiketoimintan\u00e4kemyst\u00e4 ja teknist\u00e4 huippuosaamista kehitt\u00e4\u00e4ksemme ratkaisuja, jotka vahvistavat asiakkaidemme kilpailukyky\u00e4 ja pitk\u00e4n aikav\u00e4lin liiketoiminta-arvoa.<\/p>\n\n\n\n<p>Ty\u00f6skentelytapaamme luonnehtivat nopeat p\u00e4\u00e4t\u00f6ksentekoprosessit, l\u00e4heinen yhteisty\u00f6 ja selke\u00e4 keskittyminen tuloksiin. Projektip\u00e4\u00e4llik\u00f6idemme, senior-konsulttiemme, ratkaisuarkkitehtiemme ja kehitt\u00e4jiemme avulla olemme onnistuneesti toteuttaneet monimutkaisia k\u00e4ytt\u00f6\u00f6nottoja ja kansainv\u00e4lisi\u00e4 laajennuksia organisaatioille, joissa on satoja k\u00e4ytt\u00e4ji\u00e4.<\/p>\n\n\n\t<\/div>\n<\/div>\n\n\n<\/div>\n\n\n\t\t\t<\/div>\n<\/section>\n<section id=\"block_50523853012f49ab78d058fcbf210d62\" class=\"samuraj-section decorative-bg animate-top-bottom\" style=\"--svg-pos-x: 24%;--svg-pos-y: 40%;\">\n\t\t\t<div class=\"grid--12 grid--l-1 grid-gap row-gap-xs6\">\n\t\t\n\n<div class=\"samuraj-inner-section col-start--1 col-end--6 sticky\">\n\t\n\n<p class=\"is-style-highlight\">lupauksemme<\/p>\n\n\n\n<h2 class=\"wp-block-heading\">Pitk\u00e4aikainen ja arvoa luova suhde<\/h2>\n\n\n<\/div>\n\n<div class=\"samuraj-inner-section col-start--7 col-end--13\">\n\t\n<div class=\"puffar puffar--vertical\">\n\t\t\t\t\t<div class=\"puff relative flex--col  gap-xs7\">\n\t\t\t\t\t\t\t\t\t<div class=\"puff__icon\">\n\t\t\t\t<img decoding=\"async\" src=\"https:\/\/www.navcite.com\/wp-content\/uploads\/Vector.svg\" alt=\"\">\n\t\t\t<\/div>\n\t\t\t\n\t\t\t<div class=\"puff__content smart-spacing\">\n\t\t\t\t\t\t\t\t<h3>Syv\u00e4 liiketoiminnan ymm\u00e4rrys<\/h3>\n\t\t\t\t\t\t\t\t\t\t\t\t<div class=\"puff__decorative\"><\/div>\n\t\t\t\t\t\t\t\t<p>Ymm\u00e4rr\u00e4mme, miten liiketoiminta todellisuudessa toimii k\u00e4yt\u00e4nn\u00f6ss\u00e4. T\u00e4m\u00e4n ansiosta ratkaisumme on aina mukautettu todellisiin tarpeisiin, ei vain teoriaan.<\/p>\n\n\t\t\t<\/div>\n\t\t<\/div>\n\t\t\t\t<div class=\"puff relative flex--col  gap-xs7\">\n\t\t\t\t\t\t\t\t\t<div class=\"puff__icon\">\n\t\t\t\t<img decoding=\"async\" src=\"https:\/\/www.navcite.com\/wp-content\/uploads\/Vector-1.svg\" alt=\"\">\n\t\t\t<\/div>\n\t\t\t\n\t\t\t<div class=\"puff__content smart-spacing\">\n\t\t\t\t\t\t\t\t<h3>Kumppanuus, joka vie teit\u00e4 eteenp\u00e4in<\/h3>\n\t\t\t\t\t\t\t\t\t\t\t\t<div class=\"puff__decorative\"><\/div>\n\t\t\t\t\t\t\t\t<p>Olemme aktiivinen kumppani, joka haastaa ja opastaa teit\u00e4. Saat selkeit\u00e4 suosituksia, henkil\u00f6kohtaista yhteydenpitoa ja tukea koko prosessin ajan.<\/p>\n\n\t\t\t<\/div>\n\t\t<\/div>\n\t\t\t\t<div class=\"puff relative flex--col  gap-xs7\">\n\t\t\t\t\t\t\t\t\t<div class=\"puff__icon\">\n\t\t\t\t<img decoding=\"async\" src=\"https:\/\/www.navcite.com\/wp-content\/uploads\/Vector-2.svg\" alt=\"\">\n\t\t\t<\/div>\n\t\t\t\n\t\t\t<div class=\"puff__content smart-spacing\">\n\t\t\t\t\t\t\t\t<h3>Luotettava toimitus<\/h3>\n\t\t\t\t\t\t\t\t\t\t\t\t<div class=\"puff__decorative\"><\/div>\n\t\t\t\t\t\t\t\t<p>Ty\u00f6skentelemme j\u00e4sennellysti ja otamme t\u00e4yden vastuun alusta loppuun. T\u00e4m\u00e4 tarjoaa teille ratkaisuja, jotka toimitetaan ajallaan, suunnitelman mukaisesti ja kustannukset halliten.<\/p>\n\n\t\t\t<\/div>\n\t\t<\/div>\n\t\t\t<\/div>\n\n\n<\/div>\n\n\n\t\t\t\t\t<svg xmlns=\"http:\/\/www.w3.org\/2000\/svg\" width=\"106\" height=\"559\" viewBox=\"0 0 106 559\" fill=\"none\" class=\"section-bg-svg\">\n  <g id=\"Group\">\n    <path id=\"Vector\" d=\"M0 0L105.791 0L105.791 255.723L0 255.723L0 0Z\" fill=\"#E2E9F4\" fill-opacity=\"0.4\"\/>\n    <path id=\"Vector_2\" d=\"M52.8941 558.454C82.1067 558.454 105.788 534.634 105.788 505.251C105.788 475.867 82.1067 452.047 52.8941 452.047C23.6815 452.047 0 475.867 0 505.251C0 534.634 23.6815 558.454 52.8941 558.454Z\" fill=\"#E2E9F4\" fill-opacity=\"0.4\"\/>\n  <\/g>\n<\/svg>\n\t\t\t<\/div>\n<\/section>\n<section class=\"logo-gallery\">\n\t\t\t<h2 class=\"h--5 text--center logo-gallery__heading\">Valikoima asiakkaitamme<\/h2>\n\t\t\t\t<div class=\"logo-gallery__track\">\n\t\t\t<div class=\"logo-gallery__group\">\n\t\t\t\t\t\t\t\t\t<img decoding=\"async\" src=\"https:\/\/www.navcite.com\/wp-content\/uploads\/original.png\" alt=\"\" \/>\n\t\t\t\t\t\t\t\t\t<img decoding=\"async\" src=\"https:\/\/www.navcite.com\/wp-content\/uploads\/NaidenReBid.webp\" alt=\"\" \/>\n\t\t\t\t\t\t\t\t\t<img decoding=\"async\" src=\"https:\/\/www.navcite.com\/wp-content\/uploads\/LKAB_logotype_rgb_cb.png\" alt=\"\" \/>\n\t\t\t\t\t\t\t\t\t<img decoding=\"async\" src=\"https:\/\/www.navcite.com\/wp-content\/uploads\/Swebor-logo-horizontal-primary.png\" alt=\"\" \/>\n\t\t\t\t\t\t\t\t\t<img decoding=\"async\" src=\"https:\/\/www.navcite.com\/wp-content\/uploads\/Gestamp_Logo.png\" alt=\"\" \/>\n\t\t\t\t\t\t\t\t\t<img decoding=\"async\" src=\"https:\/\/www.navcite.com\/wp-content\/uploads\/EKTA-B.ST_BIG-bc162cda.png\" alt=\"\" \/>\n\t\t\t\t\t\t\t<\/div>\n\t\t\t<div class=\"logo-gallery__group\" aria-hidden=\"true\">\n\t\t\t\t\t\t\t\t\t<img decoding=\"async\" src=\"https:\/\/www.navcite.com\/wp-content\/uploads\/original.png\" alt=\"\" \/>\n\t\t\t\t\t\t\t\t\t<img decoding=\"async\" src=\"https:\/\/www.navcite.com\/wp-content\/uploads\/NaidenReBid.webp\" alt=\"\" \/>\n\t\t\t\t\t\t\t\t\t<img decoding=\"async\" src=\"https:\/\/www.navcite.com\/wp-content\/uploads\/LKAB_logotype_rgb_cb.png\" alt=\"\" \/>\n\t\t\t\t\t\t\t\t\t<img decoding=\"async\" src=\"https:\/\/www.navcite.com\/wp-content\/uploads\/Swebor-logo-horizontal-primary.png\" alt=\"\" \/>\n\t\t\t\t\t\t\t\t\t<img decoding=\"async\" src=\"https:\/\/www.navcite.com\/wp-content\/uploads\/Gestamp_Logo.png\" alt=\"\" \/>\n\t\t\t\t\t\t\t\t\t<img decoding=\"async\" src=\"https:\/\/www.navcite.com\/wp-content\/uploads\/EKTA-B.ST_BIG-bc162cda.png\" alt=\"\" \/>\n\t\t\t\t\t\t\t<\/div>\n\t\t<\/div>\n\t<\/section>\n<section id=\"block_adac173e422b5afa4b4232e407567c3e\" class=\"samuraj-section bg-img text--white has-overlay\" >\n\t\t\t<img decoding=\"async\" class=\"section-bg-img\" src=\"https:\/\/www.navcite.com\/wp-content\/uploads\/AIV01669.jpg\" alt=\"\" loading=\"eager\">\n\t\t\t\t<div class=\"section-overlay\"><\/div>\n\t\t<div class=\"grid--12 grid--l-1 grid-gap row-gap-xs6\">\n\t\t\n\n<div class=\"samuraj-inner-section col-start--1 col-end--6 smart-spacing sticky\">\n\t\n\n<h2 class=\"wp-block-heading\">Tule osaksi jotain suurempaa<\/h2>\n\n\n\n<p>Meill\u00e4 tulet osaksi yrityst\u00e4, joka tarjoaa mahdollisuuksia sek\u00e4 ammatilliseen ett\u00e4 henkil\u00f6kohtaiseen kehitykseen. V\u00e4lit\u00e4mme sinusta ty\u00f6ntekij\u00e4n\u00e4 ja tarjoamme kaikille henkil\u00f6st\u00f6n j\u00e4senille erinomaiset edut sek\u00e4 kaikki mahdollisuudet kasvaa yrityksess\u00e4. <\/p>\n\n\n\n\n<a href=\"https:\/\/career.navcite.se\/en-GB\" class=\"btn-secondary\" target=\"_blank\" rel=\"noopener noreferrer\">Ty\u00f6skentele kanssamme <svg class=\"external-icon\" width=\"16\" height=\"16\" viewBox=\"0 0 16 16\" fill=\"none\" xmlns=\"http:\/\/www.w3.org\/2000\/svg\">\n    <path d=\"M9.5 0H9V1H14.2938L6.14688 9.14688L5.79375 9.5L6.5 10.2063L6.85312 9.85312L15 1.70625V7H16V0H9.5ZM0.5 3H0V16H13V10H12V15H1V4H6V3H0.5Z\" fill=\"currentColor\"\/>\n<\/svg>\n<\/a>\n\n\n\n<\/div>\n\n\n\t\t\t<\/div>\n<\/section>\n","protected":false},"excerpt":{"rendered":"","protected":false},"author":6,"featured_media":13170,"parent":0,"menu_order":0,"comment_status":"closed","ping_status":"closed","template":"","meta":{"_acf_changed":false,"footnotes":""},"class_list":["post-14083","page","type-page","status-publish","has-post-thumbnail"],"acf":[],"_links":{"self":[{"href":"https:\/\/www.navcite.com\/fi\/wp-json\/wp\/v2\/pages\/14083","targetHints":{"allow":["GET"]}}],"collection":[{"href":"https:\/\/www.navcite.com\/fi\/wp-json\/wp\/v2\/pages"}],"about":[{"href":"https:\/\/www.navcite.com\/fi\/wp-json\/wp\/v2\/types\/page"}],"author":[{"embeddable":true,"href":"https:\/\/www.navcite.com\/fi\/wp-json\/wp\/v2\/users\/6"}],"replies":[{"embeddable":true,"href":"https:\/\/www.navcite.com\/fi\/wp-json\/wp\/v2\/comments?post=14083"}],"version-history":[{"count":6,"href":"https:\/\/www.navcite.com\/fi\/wp-json\/wp\/v2\/pages\/14083\/revisions"}],"predecessor-version":[{"id":14247,"href":"https:\/\/www.navcite.com\/fi\/wp-json\/wp\/v2\/pages\/14083\/revisions\/14247"}],"wp:featuredmedia":[{"embeddable":true,"href":"https:\/\/www.navcite.com\/fi\/wp-json\/wp\/v2\/media\/13170"}],"wp:attachment":[{"href":"https:\/\/www.navcite.com\/fi\/wp-json\/wp\/v2\/media?parent=14083"}],"curies":[{"name":"wp","href":"https:\/\/api.w.org\/{rel}","templated":true}]}}